{"id":374878,"date":"2019-02-21T10:57:50","date_gmt":"2019-02-21T15:57:50","guid":{"rendered":"https:\/\/www.esterel.com\/?page_id=374878"},"modified":"2024-09-30T14:58:27","modified_gmt":"2024-09-30T18:58:27","slug":"history-bistro-champlain-wine","status":"publish","type":"page","link":"https:\/\/esterel.dev2.intercode.ca\/en\/esterel-resort-wine-cellar\/history-bistro-champlain-wine\/","title":{"rendered":"The history of the wine cellar"},"content":{"rendered":"\n<div class=\"layout-simple lubie-layout bgcover no-offset-bg\">\n        <section class=\"container-text-center container-large   list-dot\">\n\n    <header class=\"scrollmagic-toggle-class\">\n                    <\/header>\n            <span class=\"scrollmagic-toggle-class\"><p><strong>Wine enthusiast have all one day heard the name of Champlain Charest, one of Quebec&#8217;s most famous wine collectors. His wine cellar was known around the world for its unique bottles, large formats and prestigious wines.<\/strong><\/p>\n<p>In 2015, Esterel Resort acquired the last 5000 bottles of Champlain Charest&#8217;s wine collection, thereby committing to pursue his dream. To preserve the priceless heritage represented by these bottles, they have been meticulously stored in our wine cellar, a sanctuary perfectly suited for their conservation and maturation. Since then, our sommeliers have been unveiling these vinous treasures to our guests during tastings in the cellar, offering unforgettable moments of gustatory discovery.<\/p>\n<\/span>\n    \n    \n<\/section>\n\n<\/div>\n\n\n\n<section class=\"container-image-text-inline\">\n                <div class=\"container-large\">\n                                                                                                                                                \n                                                \n                                                                \n            <!-- - - - - - Container Image Text Inline - - - - - -->\n    \n<!-- Single Row -->\n<div class=\"row scrollmagic-toggle-class\">\n        <div class=\"col col-image col-sm-12 col-xs-24\">\n        <figure>\n    <div class=\"over-image\">\n                    <span class=\"image-bg bgcover scrollmagic-parallax\" data-sm-parallax-y=\"60\" style=\"background-image:url('https:\/\/esterel.dev2.intercode.ca\/app\/uploads\/2019\/01\/champlain-charest-photo-02-1-650x434.jpg');\"><\/span>\n            <\/div>\n        <figcaption><\/figcaption>\n    <\/figure>    <\/div>\n        <div class=\"col col-text col-lg-10 col-lg-push-2 col-sm-11 col-sm-push-1 col-xs-24 col-xs-push-0 list-dot\">\n        <header>\n                <span class=\"headline-text\"><a name=\"collectionneur\"><\/a>The Wine Collector<\/span>\n        \n                        <h2 class=\"big-title\">Champlain Charest<\/h2>\n    <\/header>\n    <p><strong>Once a radiologist, Champlain Charest never suspected, when his friend Andr\u00e9 L\u00e9gar\u00e9 introduced him to wine in the 60s, that he would one day become the most famous wine collector in the province! <\/strong><\/p>\n<p>His wine cellar was so exceptional that starting in 1988, it was awarded, each year, the Grand Award from the notable Wine Spectator magazine, a first in Canada. In addition to keeping the cellar in Quebec, Est\u00e9rel Resort is committed to following in the footsteps of Champlain Charest by maintaining strong ties with the producers he was working with over the years and by continuing to expand one of the most beautiful wine collections in Canada.<\/p>\n\n\n\n    <\/div>\n<\/div>\n\n                <\/div>\n    <\/section>\n\n<div class=\"layout-simple lubie-layout bgcover no-offset-bg\">\n        <section class=\"container-text-center container-large variant-2  list-dot\">\n\n    <header class=\"scrollmagic-toggle-class\">\n                                        <h2 class=\"title-center\">The Great Crossing<\/h2>\n            <\/header>\n            <span class=\"scrollmagic-toggle-class\"><p style=\"text-align: left;\">For over 40 years, the Bistro \u00e0 Champlain was a mythical place located in the former general store, next to the church, in Sainte-Marguerite-du-Lac-Masson.<\/p>\n<p style=\"text-align: left;\">People would come from far away to taste exceptional wines, enjoy a good meal &#8211; the Bistro won a CAA Four Diamond Award in 2008 &#8211; and to admire the work of famous painter Jean-Paul Riopelle, a close friend of Champlain Charest. <\/p>\n<\/span>\n    \n    \n<\/section>\n\n<div class=\"container-image-popup\">\n    <div class=\"container-small\">\n                                            <div class=\"row\">\n                                            \n        \n            <div class=\"col col-sm-12 col-xs-24\">\n            <figure>\n        <span class=\"content-image\" data-fancybox=\"gallery\" href=\"https:\/\/esterel.dev2.intercode.ca\/app\/uploads\/2019\/01\/champlain-charest-photo-04.jpg\">\n                                        <img fetchpriority=\"high\" decoding=\"async\" width=\"400\" height=\"300\" src=\"https:\/\/esterel.dev2.intercode.ca\/app\/uploads\/2019\/01\/champlain-charest-photo-04-400x300.jpg\" class=\"attachment-lubie-small size-lubie-small\" alt=\"\" \/>\n                    <\/span>\n                    <figcaption>Photo credits: Francis Labb\u00e9, Radio-Canada<\/figcaption>\n            <\/figure>\n    <\/div>\n                                        \n        \n            <div class=\"col col-sm-12 col-xs-24\">\n            <figure>\n        <span class=\"content-image\" data-fancybox=\"gallery\" href=\"https:\/\/esterel.dev2.intercode.ca\/app\/uploads\/2019\/01\/champlain-charest-photo-06.jpg\">\n                                        <img decoding=\"async\" width=\"400\" height=\"300\" src=\"https:\/\/esterel.dev2.intercode.ca\/app\/uploads\/2019\/01\/champlain-charest-photo-06-400x300.jpg\" class=\"attachment-lubie-small size-lubie-small\" alt=\"\" \/>\n                    <\/span>\n                    <figcaption>Photo credits: Francis Labb\u00e9, Radio-Canada<\/figcaption>\n            <\/figure>\n    <\/div>\n<\/div>\n\n\n\n            <\/div>\n<\/div>\n\n    <section class=\"container-text-center container-large   list-dot\">\n\n    <header class=\"scrollmagic-toggle-class\">\n                    <\/header>\n            <span class=\"scrollmagic-toggle-class\"><p style=\"text-align: left;\">In 2014, Mr. Charest announced that he was closing doors; an institution was going to disappear and it represented a great loss for the region. The idea of \u200b\u200bpreserving this iconic place quickly appeared in the minds the owners of Est\u00e9rel Resort, and it finally materialized in 2015. However, to ensure a fruitful succession, it was essential to build bridges with a few European producers working with Mr. Charest, and so, we took our first trip to Burgundy, France.<\/p>\n<h3 style=\"text-align: left;\">Building bridges<\/h3>\n<p style=\"text-align: left;\">A mythical region of France producing over 200 million bottles each year, Burgundy is best known for its Pinot Noir and Chardonnay. Champlain Charest himself joined the Est\u00e9rel Resort team for the trip, for the purpose of introducing us to this old friends!<\/p>\n<p style=\"text-align: left;\">After ten days, a dozen vineyards, more than 200 bottles and countless meetings, it quickly became clear that this large-scale project was worth the effort, if only to perpetuate the oenophile vocation of the region and honour Champlain Charest.<\/p>\n<\/span>\n    \n    \n<\/section>\n\n<div class=\"container-image-popup\">\n    <div class=\"container-small\">\n                                            <div class=\"row\">\n                                            \n        \n            <div class=\"col col-sm-12 col-xs-24\">\n            <figure>\n        <span class=\"content-image\" data-fancybox=\"gallery\" href=\"https:\/\/esterel.dev2.intercode.ca\/app\/uploads\/2017\/09\/blogue-periple-champlain-03.jpg\">\n                                        <img decoding=\"async\" width=\"400\" height=\"300\" src=\"https:\/\/esterel.dev2.intercode.ca\/app\/uploads\/2017\/09\/blogue-periple-champlain-03-400x300.jpg\" class=\"attachment-lubie-small size-lubie-small\" alt=\"\" \/>\n                    <\/span>\n        <\/figure>\n    <\/div>\n                                        \n        \n            <div class=\"col col-sm-12 col-xs-24\">\n            <figure>\n        <span class=\"content-image\" data-fancybox=\"gallery\" href=\"https:\/\/esterel.dev2.intercode.ca\/app\/uploads\/2017\/09\/blogue-periple-champlain-02.jpg\">\n                                        <img loading=\"lazy\" decoding=\"async\" width=\"400\" height=\"300\" src=\"https:\/\/esterel.dev2.intercode.ca\/app\/uploads\/2017\/09\/blogue-periple-champlain-02-400x300.jpg\" class=\"attachment-lubie-small size-lubie-small\" alt=\"\" \/>\n                    <\/span>\n        <\/figure>\n    <\/div>\n                                        \n        \n            <div class=\"col col-sm-12 col-xs-24\">\n            <figure>\n        <span class=\"content-image\" data-fancybox=\"gallery\" href=\"https:\/\/esterel.dev2.intercode.ca\/app\/uploads\/2019\/02\/voyage-europe-vinicole-06-1920x1115.jpg\">\n                                        <img loading=\"lazy\" decoding=\"async\" width=\"400\" height=\"300\" src=\"https:\/\/esterel.dev2.intercode.ca\/app\/uploads\/2019\/02\/voyage-europe-vinicole-06-400x300.jpg\" class=\"attachment-lubie-small size-lubie-small\" alt=\"\" \/>\n                    <\/span>\n        <\/figure>\n    <\/div>\n                                        \n        \n            <div class=\"col col-sm-12 col-xs-24\">\n            <figure>\n        <span class=\"content-image\" data-fancybox=\"gallery\" href=\"https:\/\/esterel.dev2.intercode.ca\/app\/uploads\/2019\/02\/voyage-europe-vinicole-05-1920x1115.jpg\">\n                                        <img loading=\"lazy\" decoding=\"async\" width=\"400\" height=\"300\" src=\"https:\/\/esterel.dev2.intercode.ca\/app\/uploads\/2019\/02\/voyage-europe-vinicole-05-400x300.jpg\" class=\"attachment-lubie-small size-lubie-small\" alt=\"\" \/>\n                    <\/span>\n        <\/figure>\n    <\/div>\n                                        \n        \n            <div class=\"col col-sm-12 col-xs-24\">\n            <figure>\n        <span class=\"content-image\" data-fancybox=\"gallery\" href=\"https:\/\/esterel.dev2.intercode.ca\/app\/uploads\/2019\/02\/voyage-europe-vinicole-04-1920x1115.jpg\">\n                                        <img loading=\"lazy\" decoding=\"async\" width=\"400\" height=\"300\" src=\"https:\/\/esterel.dev2.intercode.ca\/app\/uploads\/2019\/02\/voyage-europe-vinicole-04-400x300.jpg\" class=\"attachment-lubie-small size-lubie-small\" alt=\"\" \/>\n                    <\/span>\n        <\/figure>\n    <\/div>\n                                        \n        \n            <div class=\"col col-sm-12 col-xs-24\">\n            <figure>\n        <span class=\"content-image\" data-fancybox=\"gallery\" href=\"https:\/\/esterel.dev2.intercode.ca\/app\/uploads\/2019\/02\/voyage-europe-vinicole-03-1920x1115.jpg\">\n                                        <img loading=\"lazy\" decoding=\"async\" width=\"400\" height=\"300\" src=\"https:\/\/esterel.dev2.intercode.ca\/app\/uploads\/2019\/02\/voyage-europe-vinicole-03-400x300.jpg\" class=\"attachment-lubie-small size-lubie-small\" alt=\"\" \/>\n                    <\/span>\n        <\/figure>\n    <\/div>\n                                        \n        \n            <div class=\"col col-sm-12 col-xs-24\">\n            <figure>\n        <span class=\"content-image\" data-fancybox=\"gallery\" href=\"https:\/\/esterel.dev2.intercode.ca\/app\/uploads\/2019\/02\/voyage-europe-vinicole-02-1920x1115.jpg\">\n                                        <img loading=\"lazy\" decoding=\"async\" width=\"400\" height=\"300\" src=\"https:\/\/esterel.dev2.intercode.ca\/app\/uploads\/2019\/02\/voyage-europe-vinicole-02-400x300.jpg\" class=\"attachment-lubie-small size-lubie-small\" alt=\"\" \/>\n                    <\/span>\n        <\/figure>\n    <\/div>\n                                        \n        \n            <div class=\"col col-sm-12 col-xs-24\">\n            <figure>\n        <span class=\"content-image\" data-fancybox=\"gallery\" href=\"https:\/\/esterel.dev2.intercode.ca\/app\/uploads\/2019\/02\/voyage-europe-vinicole-01-1920x1115.jpg\">\n                                        <img loading=\"lazy\" decoding=\"async\" width=\"400\" height=\"300\" src=\"https:\/\/esterel.dev2.intercode.ca\/app\/uploads\/2019\/02\/voyage-europe-vinicole-01-400x300.jpg\" class=\"attachment-lubie-small size-lubie-small\" alt=\"\" \/>\n                    <\/span>\n        <\/figure>\n    <\/div>\n<\/div>\n\n\n\n            <\/div>\n<\/div>\n\n    <section class=\"container-text-center container-large   \">\n\n    <header class=\"scrollmagic-toggle-class\">\n                    <\/header>\n            <span class=\"scrollmagic-toggle-class\"><p style=\"text-align: left;\">This symbolic journey was also a rather immersive way of transmitting Champlain Charest&#8217;s knowledge and passion to his successors. This family trip through breathtaking landscapes helped building relationships with wine enthusiasts and professionals, including Pascal Marchand, Alain Burguet, Cyril Payon, Claude Chevalier and many others.<u><\/u><u><\/u><\/p>\n<p style=\"text-align: left;\">It was not the first time that Mr. Charest had traveled to Burgundy, and he hoped with all his heart that it would not be the last! This legend of the wine culture still hasn\u2019t made the trip during the harvest period, and it is a dream he truly cherishes.<\/p>\n<h3 style=\"text-align: left;\">Nowadays<\/h3>\n<p style=\"text-align: left;\">Champlain Charest\u2019s legacy went from Lake Masson to Lake Dupuis, less than two nautical miles from the former general store, and landed on the Est\u00e9rel Resort site. In order to showcase it, we built a modern wine cellar and a tasting room specially adapted to the new wine cellar. It is also possible, sometimes, to meet Champlain Charest in the flesh, on our site; he will take great pleasure in discussing oenology, history and to tell you about his journey.<\/p>\n<\/span>\n    \n    \n<\/section>\n\n<\/div>\n\n\n\n<section class=\"container-image-text-inline\">\n                <div class=\"container-large\">\n                                                                                                                                                \n                                                \n                                                                \n            <!-- - - - - - Container Image Text Inline - - - - - -->\n    \n<!-- Single Row -->\n<div class=\"row scrollmagic-toggle-class\">\n        <div class=\"col col-image col-sm-12 col-xs-24\">\n        <figure>\n    <div class=\"over-image\">\n                    <span class=\"image-bg bgcover scrollmagic-parallax\" data-sm-parallax-y=\"60\" style=\"background-image:url('https:\/\/esterel.dev2.intercode.ca\/app\/uploads\/2017\/07\/esterel-table-cave-a-vin-champlain-1-650x450.jpg');\"><\/span>\n            <\/div>\n        <figcaption><\/figcaption>\n    <\/figure>    <\/div>\n        <div class=\"col col-text col-lg-10 col-lg-push-2 col-sm-11 col-sm-push-1 col-xs-24 col-xs-push-0 list-dot\">\n        <header>\n            \n                        <h2 class=\"big-title\">The Wine Events Newsletter<\/h2>\n    <\/header>\n    <p><strong>What&#8217;s new? Wine news and special events:<\/strong> be the first to know about the activities at wine cellar by subscribing to our wine newsletter.<\/p>\n\n\n            <a class=\"btn-arrow-right tracker\" href=\"http:\/\/eepurl.com\/isrCPE\" target=\"_blank\" data-tracker='[{\"category\":\"The&#x20;history&#x20;of&#x20;the&#x20;wine&#x20;cellar\",\"action\":\"bouton\", \"label\":\"The&#x20;Wine&#x20;Events&#x20;Newsletter - Subscribe&#x20;to&#x20;the&#x20;Newsletter\"}]'>Subscribe to the Newsletter<svg width=\"102\" height=\"26\" viewBox=\"0 0 102 26\" fill=\"none\" class=\"svg-btn-arrow-right\" version=\"1.1\" xmlns=\"http:\/\/www.w3.org\/2000\/svg\" xmlns:xlink=\"http:\/\/www.w3.org\/1999\/xlink\" x=\"0px\" y=\"0px\"\n                                                    viewBox=\"0 0 33.2 33.2\" style=\"enable-background:new 0 0 33.2 33.2;\" xml:space=\"preserve\">\n                                           <g>\n                                                <line y1=\"13\" x2=\"102.039\" y2=\"13\" stroke=\"black\"\/>\n                                                <path d=\"M91.325 26L102.549 13L91.325 1\" stroke=\"black\"\/>\n                                           <\/g>\n                                           <\/svg><\/a>\n    \n    <\/div>\n<\/div>\n\n                <\/div>\n    <\/section>\n\n<section class=\"container-carousel-large\">\n\n    <div class=\"swiper-pagination\"><\/div>\n    <div class=\"swiper-container\">\n        <div class=\"swiper-wrapper\">\n                                                                                                <div class=\"swiper-slide bgcover\" id=\"block-carousel-large-image-376707\" style=\"background-image: url(https:\/\/esterel.dev2.intercode.ca\/app\/uploads\/2019\/02\/voyage-europe-vinicole-01-1920x1115.jpg)\"><\/div>\n                                                                                                <div class=\"swiper-slide bgcover\" id=\"block-carousel-large-image-376717\" style=\"background-image: url(https:\/\/esterel.dev2.intercode.ca\/app\/uploads\/2019\/02\/voyage-europe-vinicole-06-1920x1115.jpg)\"><\/div>\n                                                                                                <div class=\"swiper-slide bgcover\" id=\"block-carousel-large-image-376711\" style=\"background-image: url(https:\/\/esterel.dev2.intercode.ca\/app\/uploads\/2019\/02\/voyage-europe-vinicole-03-1920x1115.jpg)\"><\/div>\n                                                                                                <div class=\"swiper-slide bgcover\" id=\"block-carousel-large-image-376715\" style=\"background-image: url(https:\/\/esterel.dev2.intercode.ca\/app\/uploads\/2019\/02\/voyage-europe-vinicole-05-1920x1115.jpg)\"><\/div>\n                                                                                                <div class=\"swiper-slide bgcover\" id=\"block-carousel-large-image-376709\" style=\"background-image: url(https:\/\/esterel.dev2.intercode.ca\/app\/uploads\/2019\/02\/voyage-europe-vinicole-02-1920x1115.jpg)\"><\/div>\n                                                                                                <div class=\"swiper-slide bgcover\" id=\"block-carousel-large-image-376713\" style=\"background-image: url(https:\/\/esterel.dev2.intercode.ca\/app\/uploads\/2019\/02\/voyage-europe-vinicole-04-1920x1115.jpg)\"><\/div>\n                                                                                                <div class=\"swiper-slide bgcover\" id=\"block-carousel-large-image-57996\" style=\"background-image: url(https:\/\/esterel.dev2.intercode.ca\/app\/uploads\/2017\/08\/champlain-charest-romanee-conti-st-vivant-1920x1115.jpg)\"><\/div>\n                                                                                                <div class=\"swiper-slide bgcover\" id=\"block-carousel-large-image-52079\" style=\"background-image: url(https:\/\/esterel.dev2.intercode.ca\/app\/uploads\/2017\/07\/esterel-cave-a-vin-generale-1920x1115.jpg)\"><\/div>\n                                                                                                <div class=\"swiper-slide bgcover\" id=\"block-carousel-large-image-51989\" style=\"background-image: url(https:\/\/esterel.dev2.intercode.ca\/app\/uploads\/2017\/07\/esterel-cave-a-vin-bistro-champlain-1920x1115.jpg)\"><\/div>\n                                                                                                <div class=\"swiper-slide bgcover\" id=\"block-carousel-large-image-52077\" style=\"background-image: url(https:\/\/esterel.dev2.intercode.ca\/app\/uploads\/2017\/07\/esterel-cave-a-vin-coin-1920x1115.jpg)\"><\/div>\n                                                                                                <div class=\"swiper-slide bgcover\" id=\"block-carousel-large-image-52127\" style=\"background-image: url(https:\/\/esterel.dev2.intercode.ca\/app\/uploads\/2017\/07\/esterel-table-cave-a-vin-champlain-1-1920x1115.jpg)\"><\/div>\n                                                                                                <div class=\"swiper-slide bgcover\" id=\"block-carousel-large-image-51986\" style=\"background-image: url(https:\/\/esterel.dev2.intercode.ca\/app\/uploads\/2017\/07\/esterel-cave-a-vin-vue-lac-1920x1115.jpg)\"><\/div>\n                                                                                                <div class=\"swiper-slide bgcover\" id=\"block-carousel-large-image-375157\" style=\"background-image: url(https:\/\/esterel.dev2.intercode.ca\/app\/uploads\/2019\/01\/champlain-charest-photo-04.jpg)\"><\/div>\n                                                                                                <div class=\"swiper-slide bgcover\" id=\"block-carousel-large-image-375163\" style=\"background-image: url(https:\/\/esterel.dev2.intercode.ca\/app\/uploads\/2019\/01\/champlain-charest-photo-06.jpg)\"><\/div>\n                    <\/div>\n        <div class=\"swiper-button swiper-button-prev\"><svg class=\"svg-carousel-arrow\" version=\"1.1\" xmlns=\"http:\/\/www.w3.org\/2000\/svg\" xmlns:xlink=\"http:\/\/www.w3.org\/1999\/xlink\" x=\"0px\" y=\"0px\"\n                                                                viewBox=\"0 0 216 44\" style=\"enable-background:new 0 0 216 44;\" xml:space=\"preserve\">\n                                                       <polygon points=\"60,16 60,0 0,22 60,44 60,28 216,28 216,16 \"\/>\n                                                       <\/svg><\/div>\n        <div class=\"swiper-button swiper-button-next\"><svg class=\"svg-carousel-arrow\" version=\"1.1\" xmlns=\"http:\/\/www.w3.org\/2000\/svg\" xmlns:xlink=\"http:\/\/www.w3.org\/1999\/xlink\" x=\"0px\" y=\"0px\"\n                                                    viewBox=\"0 0 216 44\" style=\"enable-background:new 0 0 216 44;\" xml:space=\"preserve\">\n                                           <polygon class=\"st0\" points=\"156,28 156,44 216,22 156,0 156,16 0,16 0,28 \"\/>\n                                           <\/svg><\/div>\n    <\/div>\n\n<\/section>","protected":false},"excerpt":{"rendered":"<p>Wine enthusiast have all one day heard the name of Champlain Charest, one of Quebec&#8217;s most famous wine collectors. His wine cellar was known around the world for its unique bottles, large formats and prestigious wines. In 2015, Esterel Resort acquired the last 5000 bottles of Champlain Charest&#8217;s wine collection, thereby committing to pursue his &hellip; <a href=\"https:\/\/esterel.dev2.intercode.ca\/en\/esterel-resort-wine-cellar\/history-bistro-champlain-wine\/\">Continued<\/a><\/p>\n","protected":false},"author":25,"featured_media":375193,"parent":375581,"menu_order":307,"comment_status":"closed","ping_status":"closed","template":"","meta":{"_acf_changed":false,"footnotes":""},"class_list":["post-374878","page","type-page","status-publish","has-post-thumbnail","hentry"],"acf":[],"_links":{"self":[{"href":"https:\/\/esterel.dev2.intercode.ca\/en\/wp-json\/wp\/v2\/pages\/374878","targetHints":{"allow":["GET"]}}],"collection":[{"href":"https:\/\/esterel.dev2.intercode.ca\/en\/wp-json\/wp\/v2\/pages"}],"about":[{"href":"https:\/\/esterel.dev2.intercode.ca\/en\/wp-json\/wp\/v2\/types\/page"}],"author":[{"embeddable":true,"href":"https:\/\/esterel.dev2.intercode.ca\/en\/wp-json\/wp\/v2\/users\/25"}],"replies":[{"embeddable":true,"href":"https:\/\/esterel.dev2.intercode.ca\/en\/wp-json\/wp\/v2\/comments?post=374878"}],"version-history":[{"count":3,"href":"https:\/\/esterel.dev2.intercode.ca\/en\/wp-json\/wp\/v2\/pages\/374878\/revisions"}],"predecessor-version":[{"id":535677,"href":"https:\/\/esterel.dev2.intercode.ca\/en\/wp-json\/wp\/v2\/pages\/374878\/revisions\/535677"}],"up":[{"embeddable":true,"href":"https:\/\/esterel.dev2.intercode.ca\/en\/wp-json\/wp\/v2\/pages\/375581"}],"wp:featuredmedia":[{"embeddable":true,"href":"https:\/\/esterel.dev2.intercode.ca\/en\/wp-json\/wp\/v2\/media\/375193"}],"wp:attachment":[{"href":"https:\/\/esterel.dev2.intercode.ca\/en\/wp-json\/wp\/v2\/media?parent=374878"}],"curies":[{"name":"wp","href":"https:\/\/api.w.org\/{rel}","templated":true}]}}