{"id":464432,"date":"2021-11-19T15:21:37","date_gmt":"2021-11-19T20:21:37","guid":{"rendered":"https:\/\/www.esterel.com\/?page_id=464432"},"modified":"2024-08-07T14:44:14","modified_gmt":"2024-08-07T18:44:14","slug":"event","status":"publish","type":"page","link":"https:\/\/esterel.dev2.intercode.ca\/en\/business-meetings-and-events\/event\/","title":{"rendered":"Information request"},"content":{"rendered":"\t\t<div data-elementor-type=\"wp-page\" data-elementor-id=\"464432\" class=\"elementor elementor-464432 elementor-464421\" data-elementor-post-type=\"page\">\n\t\t\t\t\t\t<section class=\"elementor-section elementor-top-section elementor-element elementor-element-8dde44d elementor-section-boxed elementor-section-height-default elementor-section-height-default\" data-id=\"8dde44d\" data-element_type=\"section\" data-e-type=\"section\">\n\t\t\t\t\t\t<div class=\"elementor-container elementor-column-gap-default\">\n\t\t\t\t\t<div class=\"elementor-column elementor-col-100 elementor-top-column elementor-element elementor-element-053469a\" data-id=\"053469a\" data-element_type=\"column\" data-e-type=\"column\">\n\t\t\t<div class=\"elementor-widget-wrap elementor-element-populated\">\n\t\t\t\t\t\t<div class=\"elementor-element elementor-element-29fc554 elementor-widget elementor-widget-heading\" data-id=\"29fc554\" data-element_type=\"widget\" data-e-type=\"widget\" data-widget_type=\"heading.default\">\n\t\t\t\t<div class=\"elementor-widget-container\">\n\t\t\t\t\t<h2 class=\"elementor-heading-title elementor-size-default\">Let's prepare your next event!<\/h2>\t\t\t\t<\/div>\n\t\t\t\t<\/div>\n\t\t\t\t<div class=\"elementor-element elementor-element-5c81e0e elementor-widget elementor-widget-text-editor\" data-id=\"5c81e0e\" data-element_type=\"widget\" data-e-type=\"widget\" data-widget_type=\"text-editor.default\">\n\t\t\t\t<div class=\"elementor-widget-container\">\n\t\t\t\t\t\t\t\t\tPlease fill out the form below, and a member of our sales team will contact you as soon as possible.\n\n\n\n\n\n\n\t\t\t\t\t\t\t\t<\/div>\n\t\t\t\t<\/div>\n\t\t\t\t\t<\/div>\n\t\t<\/div>\n\t\t\t\t\t<\/div>\n\t\t<\/section>\n\t\t\t\t<section class=\"elementor-section elementor-top-section elementor-element elementor-element-752e3e3 elementor-section-boxed elementor-section-height-default elementor-section-height-default\" data-id=\"752e3e3\" data-element_type=\"section\" data-e-type=\"section\">\n\t\t\t\t\t\t<div class=\"elementor-container elementor-column-gap-default\">\n\t\t\t\t\t<div class=\"elementor-column elementor-col-100 elementor-top-column elementor-element elementor-element-1aa63d9\" data-id=\"1aa63d9\" data-element_type=\"column\" data-e-type=\"column\">\n\t\t\t<div class=\"elementor-widget-wrap elementor-element-populated\">\n\t\t\t\t\t\t<div class=\"elementor-element elementor-element-84d49a1 elementor-widget elementor-widget-html\" data-id=\"84d49a1\" data-element_type=\"widget\" data-e-type=\"widget\" data-widget_type=\"html.default\">\n\t\t\t\t<div class=\"elementor-widget-container\">\n\t\t\t\t\t<iframe style=\"border: 0; overflow:hidden;\" src=\"https:\/\/mbrfp.meetingbroker.com\/EsterelResort\/RFP\/index.html?language=EN-CA\" width=\"100%\" height=\"1850px\"  scrolling=\"no\"><\/iframe>\r\n\t\t\t\t<\/div>\n\t\t\t\t<\/div>\n\t\t\t\t\t<\/div>\n\t\t<\/div>\n\t\t\t\t\t<\/div>\n\t\t<\/section>\n\t\t\t\t<\/div>\n\t\t","protected":false},"excerpt":{"rendered":"<p>Pr\u00e9parons votre prochain \u00e9v\u00e9nement! Veuillez SVP remplir le formulaire ci-dessous et un membre de l&#8217;\u00e9quipe des ventes communiquera avec vous dans les plus brefs d\u00e9lais. Pr\u00e9nom Nom T\u00e9l\u00e9phone Courriel Entreprise Date convoit\u00e9e de l&#8217;\u00e9v\u00e9nement: Type d&#8217;\u00e9v\u00e9nement S\u00e9lectionnerR\u00e9unionSouper de No\u00eblS\u00e9jour de reconnaissanceMariageSocialTour de groupeBal de fin d&#8217;\u00e9tudes Nombre de personnes \u00e0 l&#8217;\u00e9v\u00e9nement : Nombre de nuit\u00e9es &hellip; <a href=\"https:\/\/esterel.dev2.intercode.ca\/en\/business-meetings-and-events\/event\/\">Continued<\/a><\/p>\n","protected":false},"author":2,"featured_media":493503,"parent":460088,"menu_order":48,"comment_status":"closed","ping_status":"closed","template":"","meta":{"_acf_changed":false,"footnotes":""},"class_list":["post-464432","page","type-page","status-publish","has-post-thumbnail","hentry"],"acf":[],"_links":{"self":[{"href":"https:\/\/esterel.dev2.intercode.ca\/en\/wp-json\/wp\/v2\/pages\/464432","targetHints":{"allow":["GET"]}}],"collection":[{"href":"https:\/\/esterel.dev2.intercode.ca\/en\/wp-json\/wp\/v2\/pages"}],"about":[{"href":"https:\/\/esterel.dev2.intercode.ca\/en\/wp-json\/wp\/v2\/types\/page"}],"author":[{"embeddable":true,"href":"https:\/\/esterel.dev2.intercode.ca\/en\/wp-json\/wp\/v2\/users\/2"}],"replies":[{"embeddable":true,"href":"https:\/\/esterel.dev2.intercode.ca\/en\/wp-json\/wp\/v2\/comments?post=464432"}],"version-history":[{"count":3,"href":"https:\/\/esterel.dev2.intercode.ca\/en\/wp-json\/wp\/v2\/pages\/464432\/revisions"}],"predecessor-version":[{"id":534643,"href":"https:\/\/esterel.dev2.intercode.ca\/en\/wp-json\/wp\/v2\/pages\/464432\/revisions\/534643"}],"up":[{"embeddable":true,"href":"https:\/\/esterel.dev2.intercode.ca\/en\/wp-json\/wp\/v2\/pages\/460088"}],"wp:featuredmedia":[{"embeddable":true,"href":"https:\/\/esterel.dev2.intercode.ca\/en\/wp-json\/wp\/v2\/media\/493503"}],"wp:attachment":[{"href":"https:\/\/esterel.dev2.intercode.ca\/en\/wp-json\/wp\/v2\/media?parent=464432"}],"curies":[{"name":"wp","href":"https:\/\/api.w.org\/{rel}","templated":true}]}}